{"id":131253,"date":"2023-12-12T15:09:11","date_gmt":"2023-12-12T15:09:11","guid":{"rendered":"https:\/\/culturamusicaleinbrianza.it\/?page_id=131253"},"modified":"2023-12-13T14:27:43","modified_gmt":"2023-12-13T14:27:43","slug":"il-coro-e-lorchestra","status":"publish","type":"page","link":"https:\/\/culturamusicaleinbrianza.it\/?page_id=131253","title":{"rendered":"Il Coro e l&#8217;Orchestra"},"content":{"rendered":"<section class=\"wpb-content-wrapper\"><p>[vc_row row_height_percent=&#8221;40&#8243; override_padding=&#8221;yes&#8221; h_padding=&#8221;2&#8243; top_padding=&#8221;7&#8243; bottom_padding=&#8221;2&#8243; back_color=&#8221;color-prif&#8221; back_image=&#8221;131260&#8243; parallax=&#8221;yes&#8221; overlay_color=&#8221;color-wayh&#8221; overlay_alpha=&#8221;70&#8243; gutter_size=&#8221;3&#8243; column_width_percent=&#8221;100&#8243; shift_y=&#8221;0&#8243; z_index=&#8221;0&#8243; enable_top_divider=&#8221;default&#8221; top_divider=&#8221;gradient&#8221; shape_top_h_use_pixel=&#8221;true&#8221; shape_top_height_percent=&#8221;100&#8243; shape_top_color=&#8221;color-prif&#8221; shape_top_opacity=&#8221;100&#8243; shape_top_index=&#8221;0&#8243; enable_bottom_divider=&#8221;default&#8221; bottom_divider=&#8221;step_3_4&#8243; shape_bottom_h_use_pixel=&#8221;&#8221; shape_bottom_height=&#8221;54&#8243; shape_bottom_opacity=&#8221;100&#8243; shape_bottom_safe=&#8221;yes&#8221; shape_bottom_index=&#8221;0&#8243; uncode_shortcode_id=&#8221;675361&#8243; back_color_type=&#8221;uncode-palette&#8221; overlay_color_type=&#8221;uncode-palette&#8221; shape_top_color_type=&#8221;uncode-palette&#8221;][vc_column column_width_percent=&#8221;100&#8243; position_vertical=&#8221;middle&#8221; align_horizontal=&#8221;align_center&#8221; gutter_size=&#8221;3&#8243; style=&#8221;dark&#8221; overlay_alpha=&#8221;50&#8243; shift_x=&#8221;0&#8243; shift_y=&#8221;0&#8243; shift_y_down=&#8221;0&#8243; z_index=&#8221;0&#8243; medium_width=&#8221;0&#8243; mobile_width=&#8221;0&#8243; css_animation=&#8221;alpha-anim&#8221; animation_speed=&#8221;1000&#8243; width=&#8221;1\/1&#8243; uncode_shortcode_id=&#8221;325957&#8243;][vc_row_inner row_inner_height_percent=&#8221;0&#8243; overlay_alpha=&#8221;50&#8243; gutter_size=&#8221;4&#8243; shift_y=&#8221;0&#8243; z_index=&#8221;0&#8243; limit_content=&#8221;&#8221;][vc_column_inner column_width_percent=&#8221;100&#8243; gutter_size=&#8221;4&#8243; style=&#8221;dark&#8221; overlay_alpha=&#8221;50&#8243; shift_x=&#8221;0&#8243; shift_y=&#8221;0&#8243; shift_y_down=&#8221;0&#8243; z_index=&#8221;0&#8243; medium_width=&#8221;4&#8243; mobile_width=&#8221;0&#8243; width=&#8221;1\/2&#8243;][vc_custom_heading heading_semantic=&#8221;h1&#8243; text_size=&#8221;&#8221; text_weight=&#8221;400&#8243; css_animation=&#8221;curtain-words&#8221; animation_speed=&#8221;1000&#8243; animation_delay=&#8221;200&#8243; uncode_shortcode_id=&#8221;263814&#8243;]Il Coro e l&#8217;Orchestra[\/vc_custom_heading][vc_empty_space empty_h=&#8221;2&#8243; desktop_visibility=&#8221;yes&#8221; medium_visibility=&#8221;yes&#8221;][\/vc_column_inner][vc_column_inner column_width_percent=&#8221;100&#8243; gutter_size=&#8221;2&#8243; style=&#8221;dark&#8221; overlay_alpha=&#8221;50&#8243; shift_x=&#8221;0&#8243; shift_y=&#8221;0&#8243; shift_y_down=&#8221;0&#8243; z_index=&#8221;0&#8243; medium_width=&#8221;4&#8243; mobile_visibility=&#8221;yes&#8221; mobile_width=&#8221;0&#8243; width=&#8221;1\/2&#8243;][\/vc_column_inner][\/vc_row_inner][\/vc_column][\/vc_row][vc_row row_height_percent=&#8221;0&#8243; override_padding=&#8221;yes&#8221; h_padding=&#8221;2&#8243; top_padding=&#8221;3&#8243; bottom_padding=&#8221;5&#8243; overlay_alpha=&#8221;50&#8243; gutter_size=&#8221;3&#8243; column_width_percent=&#8221;100&#8243; shift_y=&#8221;0&#8243; z_index=&#8221;0&#8243; bottom_divider=&#8221;step_3_4&#8243; uncode_shortcode_id=&#8221;438235&#8243;][vc_column column_width_percent=&#8221;100&#8243; gutter_size=&#8221;4&#8243; overlay_alpha=&#8221;50&#8243; shift_x=&#8221;0&#8243; shift_y=&#8221;0&#8243; shift_y_down=&#8221;0&#8243; z_index=&#8221;0&#8243; medium_width=&#8221;0&#8243; mobile_width=&#8221;0&#8243; css_animation=&#8221;alpha-anim&#8221; animation_speed=&#8221;1000&#8243; width=&#8221;1\/1&#8243; uncode_shortcode_id=&#8221;205630&#8243;][vc_row_inner row_inner_height_percent=&#8221;0&#8243; overlay_alpha=&#8221;50&#8243; gutter_size=&#8221;4&#8243; shift_y=&#8221;0&#8243; z_index=&#8221;0&#8243; limit_content=&#8221;&#8221;][vc_column_inner column_width_percent=&#8221;100&#8243; gutter_size=&#8221;1&#8243; overlay_alpha=&#8221;50&#8243; shift_x=&#8221;0&#8243; shift_y=&#8221;0&#8243; shift_y_down=&#8221;0&#8243; z_index=&#8221;0&#8243; medium_width=&#8221;4&#8243; mobile_width=&#8221;0&#8243; width=&#8221;1\/2&#8243; uncode_shortcode_id=&#8221;188566&#8243;][vc_single_image media=&#8221;131428&#8243; media_width_use_pixel=&#8221;yes&#8221; uncode_shortcode_id=&#8221;139034&#8243; media_width_pixel=&#8221;100&#8243;][vc_custom_heading text_color=&#8221;color-210407&#8243; text_size=&#8221;&#8221; text_weight=&#8221;400&#8243; uncode_shortcode_id=&#8221;956048&#8243; text_color_type=&#8221;uncode-palette&#8221;]Il coro &#8220;Canticum Novum&#8221;[\/vc_custom_heading][vc_column_text text_lead=&#8221;yes&#8221; uncode_shortcode_id=&#8221;538359&#8243;]di Renate \u00e8 nato nel 1979 come coro parrocchiale e da allora ha sempre svolto funzioni prettamente liturgiche.<br \/>\n\u00c8 composto da 21 cantori del paese e 4 provenienti da localit\u00e0 vicine. Lo scopo di questo coro \u00e8 sempre stato quello di educare i fedeli alla buona musica e al belcanto in modo da rendere sempre pi\u00f9 belle e dignitose le azioni liturgiche. Questo lungo percorso ha dato comunque i suoi frutti, ora i fedeli sanno apprezzare momenti musicali particolari inseriti nelle celebrazioni, sanno gustare musiche che vanno dal Gregoriano a Bach e ad espressioni pi\u00f9 attuali. Si cerca anche di proporre per tutti i fedeli facili canti, ma sempre di buona qualit\u00e0 musicale, ed aiutarli cos\u00ec nella partecipazione durante le sante messe.[\/vc_column_text][\/vc_column_inner][vc_column_inner column_width_percent=&#8221;100&#8243; gutter_size=&#8221;3&#8243; font_family=&#8221;font-175345&#8243; overlay_alpha=&#8221;50&#8243; shift_x=&#8221;0&#8243; shift_y=&#8221;0&#8243; shift_y_down=&#8221;0&#8243; z_index=&#8221;0&#8243; medium_width=&#8221;2&#8243; mobile_width=&#8221;0&#8243; width=&#8221;1\/2&#8243;][vc_empty_space empty_h=&#8221;2&#8243;][vc_column_text text_lead=&#8221;yes&#8221; uncode_shortcode_id=&#8221;193449&#8243;]Questo coro si distingue per l&#8217;esecuzione di un repertorio molto ricercato che unisce sempre un&#8217;ottima qualit\u00e0 musicale, un&#8217;esecuzione quanto pi\u00f9 possibile perfetta e un&#8217;aderenza assoluta ai momenti liturgici. Il repertorio del coro in effetti non \u00e8 usuale ed \u00e8 frutto di una ricerca meticolosa che non vuole compromessi n\u00e9 dal punto di vista musicale n\u00e8 per cedimenti verso dubbi gusti..<\/p>\n<p>Nel 1982 con i primi concerti con orchestra il coro crea un suo archivio di brani rinascimentali, bachiani ed attuali. Il coro, fin dalla sua fondazione \u00e8 guidato dal M\u00b0 Nazzareno Pederzani Qualsiasi persona pu\u00f2 entrare nel nostro coro, basta che abbia entusiasmo e voglia di cantare.[\/vc_column_text][vc_button border_width=&#8221;0&#8243; link=&#8221;url:https%3A%2F%2Fculturamusicaleinbrianza.it%2Fwp-content%2Fuploads%2F2023%2F12%2FRepertorio-del-coro-CANTICUM-NOVUM-di-Renate-B.pdf|target:_blank&#8221; uncode_shortcode_id=&#8221;213265&#8243;]GUARDA IL REPERTORIO[\/vc_button][\/vc_column_inner][\/vc_row_inner][\/vc_column][\/vc_row][vc_row row_height_percent=&#8221;60&#8243; override_padding=&#8221;yes&#8221; h_padding=&#8221;2&#8243; top_padding=&#8221;7&#8243; bottom_padding=&#8221;7&#8243; back_color=&#8221;color-prif&#8221; back_image=&#8221;131254&#8243; back_position=&#8221;center top&#8221; parallax=&#8221;yes&#8221; overlay_color=&#8221;color-wayh&#8221; overlay_alpha=&#8221;65&#8243; gutter_size=&#8221;3&#8243; column_width_percent=&#8221;100&#8243; border_color=&#8221;color-210407&#8243; border_style=&#8221;solid&#8221; shift_y=&#8221;0&#8243; z_index=&#8221;0&#8243; top_divider=&#8221;step_1_2&#8243; bottom_divider=&#8221;step_2_3&#8243; uncode_shortcode_id=&#8221;131768&#8243; back_color_type=&#8221;uncode-palette&#8221; overlay_color_type=&#8221;uncode-palette&#8221; css=&#8221;.vc_custom_1702395458487{border-top-width: 10px !important;border-bottom-width: 10px !important;}&#8221; border_color_type=&#8221;uncode-palette&#8221;][vc_column column_width_percent=&#8221;100&#8243; position_vertical=&#8221;middle&#8221; gutter_size=&#8221;3&#8243; style=&#8221;dark&#8221; overlay_alpha=&#8221;50&#8243; shift_x=&#8221;0&#8243; shift_y=&#8221;0&#8243; shift_y_down=&#8221;0&#8243; z_index=&#8221;0&#8243; medium_width=&#8221;0&#8243; mobile_width=&#8221;0&#8243; css_animation=&#8221;alpha-anim&#8221; animation_speed=&#8221;1000&#8243; width=&#8221;1\/1&#8243; uncode_shortcode_id=&#8221;206650&#8243;][vc_row_inner row_inner_height_percent=&#8221;0&#8243; overlay_alpha=&#8221;50&#8243; equal_height=&#8221;yes&#8221; gutter_size=&#8221;4&#8243; shift_y=&#8221;0&#8243; z_index=&#8221;0&#8243; limit_content=&#8221;&#8221;][vc_column_inner column_width_percent=&#8221;100&#8243; gutter_size=&#8221;2&#8243; style=&#8221;dark&#8221; overlay_alpha=&#8221;50&#8243; shift_x=&#8221;0&#8243; shift_y=&#8221;0&#8243; shift_y_down=&#8221;0&#8243; z_index=&#8221;0&#8243; medium_width=&#8221;2&#8243; mobile_width=&#8221;0&#8243; width=&#8221;1\/2&#8243;][vc_custom_heading text_color=&#8221;accent&#8221; text_size=&#8221;h1&#8243; text_weight=&#8221;400&#8243; uncode_shortcode_id=&#8221;367400&#8243; text_color_type=&#8221;uncode-palette&#8221;]L&#8217;Orchestra[\/vc_custom_heading][vc_custom_heading text_size=&#8221;h3&#8243; text_weight=&#8221;400&#8243; uncode_shortcode_id=&#8221;111480&#8243;]Brianzaclassica[\/vc_custom_heading][\/vc_column_inner][vc_column_inner column_width_percent=&#8221;100&#8243; gutter_size=&#8221;3&#8243; style=&#8221;dark&#8221; overlay_alpha=&#8221;50&#8243; shift_x=&#8221;0&#8243; shift_y=&#8221;0&#8243; shift_y_down=&#8221;0&#8243; z_index=&#8221;0&#8243; medium_width=&#8221;2&#8243; mobile_width=&#8221;0&#8243; width=&#8221;1\/2&#8243;][vc_column_text text_color=&#8221;color-xsdn&#8221; uncode_shortcode_id=&#8221;178118&#8243; text_color_type=&#8221;uncode-palette&#8221;]E\u2019 un\u2019orchestra giovane, entusiasta, i cui componenti, in maggioranza milanesi, si dedicano alla musica con voglia di fare, di realizzare sogni, di far emergere le proprie abilit\u00e0. Questi giovani sono tutti provenienti da alte realt\u00e0 musicali importanti.<\/p>\n<p>Con il coro CANTICUM NOVUM di Renate si \u00e8 creata una preziosa sintonia che di anno in anno si affina sempre pi\u00f9.[\/vc_column_text][\/vc_column_inner][\/vc_row_inner][vc_row_inner][vc_column_inner width=&#8221;1\/6&#8243;][vc_button button_color=&#8221;color-210407&#8243; size=&#8221;btn-sm&#8221; border_width=&#8221;0&#8243; button_color_type=&#8221;uncode-palette&#8221; uncode_shortcode_id=&#8221;288286&#8243; link=&#8221;url:https%3A%2F%2Fculturamusicaleinbrianza.it%2Fwp-content%2Fuploads%2F2023%2F12%2Fannunciazione-R.pdf|target:_blank&#8221;]CANTATA PER IL NATALE[\/vc_button][\/vc_column_inner][vc_column_inner width=&#8221;1\/6&#8243;][vc_button button_color=&#8221;color-210407&#8243; size=&#8221;btn-sm&#8221; border_width=&#8221;0&#8243; link=&#8221;url:https%3A%2F%2Fculturamusicaleinbrianza.it%2Fwp-content%2Fuploads%2F2023%2F12%2Fbach-piccola-suite-R.pdf|target:_blank&#8221; button_color_type=&#8221;uncode-palette&#8221; uncode_shortcode_id=&#8221;434932&#8243;]BACH PICCOLA SUITE[\/vc_button][\/vc_column_inner][vc_column_inner width=&#8221;1\/6&#8243;][vc_button button_color=&#8221;color-210407&#8243; size=&#8221;btn-sm&#8221; border_width=&#8221;0&#8243; button_color_type=&#8221;uncode-palette&#8221; uncode_shortcode_id=&#8221;180698&#8243; link=&#8221;url:https%3A%2F%2Fculturamusicaleinbrianza.it%2Fwp-content%2Fuploads%2F2023%2F12%2Fbelle-FINALE-R.pdf|target:_blank&#8221;]LA BELLA E LA BESTIA[\/vc_button][\/vc_column_inner][vc_column_inner width=&#8221;1\/6&#8243;][vc_button button_color=&#8221;color-210407&#8243; size=&#8221;btn-sm&#8221; border_width=&#8221;0&#8243; link=&#8221;url:https%3A%2F%2Fculturamusicaleinbrianza.it%2Fwp-content%2Fuploads%2F2023%2F12%2FGOSSEC-TAMBOURIN-FINALE-R.pdf|target:_blank&#8221; button_color_type=&#8221;uncode-palette&#8221; uncode_shortcode_id=&#8221;465574&#8243;]GOSSEC LE TAMBOURIN[\/vc_button][\/vc_column_inner][vc_column_inner width=&#8221;1\/6&#8243;][vc_button button_color=&#8221;color-210407&#8243; size=&#8221;btn-sm&#8221; border_width=&#8221;0&#8243; button_color_type=&#8221;uncode-palette&#8221; uncode_shortcode_id=&#8221;393371&#8243; link=&#8221;url:https%3A%2F%2Fculturamusicaleinbrianza.it%2Fwp-content%2Fuploads%2F2023%2F12%2FJAMES-BOND-R.pdf|target:_blank&#8221;]JAMES BOND MOVIES[\/vc_button][\/vc_column_inner][vc_column_inner width=&#8221;1\/6&#8243;][vc_button button_color=&#8221;color-210407&#8243; size=&#8221;btn-sm&#8221; border_width=&#8221;0&#8243; link=&#8221;url:https%3A%2F%2Fculturamusicaleinbrianza.it%2Fwp-content%2Fuploads%2F2023%2F12%2Fmarcia-imper-R.pdf|target:_blank&#8221; button_color_type=&#8221;uncode-palette&#8221; uncode_shortcode_id=&#8221;782759&#8243;]THE IMPERIAL MARCH[\/vc_button][\/vc_column_inner][\/vc_row_inner][vc_row_inner][vc_column_inner width=&#8221;1\/6&#8243;][vc_button button_color=&#8221;color-210407&#8243; size=&#8221;btn-sm&#8221; border_width=&#8221;0&#8243; button_color_type=&#8221;uncode-palette&#8221; uncode_shortcode_id=&#8221;134210&#8243; link=&#8221;url:https%3A%2F%2Fculturamusicaleinbrianza.it%2Fwp-content%2Fuploads%2F2023%2F12%2Fmaria-R.pdf|target:_blank&#8221;]MARIA PER TENORE E ORCHESTRA[\/vc_button][\/vc_column_inner][vc_column_inner width=&#8221;1\/6&#8243;][vc_button button_color=&#8221;color-210407&#8243; size=&#8221;btn-sm&#8221; border_width=&#8221;0&#8243; link=&#8221;url:https%3A%2F%2Fculturamusicaleinbrianza.it%2Fwp-content%2Fuploads%2F2023%2F12%2Fmoon-river-R.pdf|target:_blank&#8221; button_color_type=&#8221;uncode-palette&#8221; uncode_shortcode_id=&#8221;144790&#8243;]MOON RIVER COLAZ. DA TIFFANY[\/vc_button][\/vc_column_inner][vc_column_inner width=&#8221;1\/6&#8243;][vc_button button_color=&#8221;color-210407&#8243; size=&#8221;btn-sm&#8221; border_width=&#8221;0&#8243; button_color_type=&#8221;uncode-palette&#8221; uncode_shortcode_id=&#8221;173471&#8243; link=&#8221;url:https%3A%2F%2Fculturamusicaleinbrianza.it%2Fwp-content%2Fuploads%2F2023%2F12%2Fsleigh-fin-R.pdf|target:_blank&#8221;]SLEIGH RIDE PER ORCHESTRA[\/vc_button][\/vc_column_inner][vc_column_inner width=&#8221;1\/6&#8243;][vc_button button_color=&#8221;color-210407&#8243; size=&#8221;btn-sm&#8221; border_width=&#8221;0&#8243; link=&#8221;url:https%3A%2F%2Fculturamusicaleinbrianza.it%2Fwp-content%2Fuploads%2F2023%2F12%2Fnuovo-cinemaPARADISO-R.pdf|target:_blank&#8221; button_color_type=&#8221;uncode-palette&#8221; uncode_shortcode_id=&#8221;268676&#8243;]NUOVO CINEMA PARADISO[\/vc_button][\/vc_column_inner][vc_column_inner width=&#8221;1\/6&#8243;][vc_button button_color=&#8221;color-210407&#8243; size=&#8221;btn-sm&#8221; border_width=&#8221;0&#8243; button_color_type=&#8221;uncode-palette&#8221; uncode_shortcode_id=&#8221;193109&#8243; link=&#8221;url:https%3A%2F%2Fculturamusicaleinbrianza.it%2Fwp-content%2Fuploads%2F2023%2F12%2Fstar-trek-tema-R.pdf|target:_blank&#8221;]NEXT GENERATION STAR TREK[\/vc_button][\/vc_column_inner][vc_column_inner width=&#8221;1\/6&#8243;][vc_button button_color=&#8221;color-210407&#8243; size=&#8221;btn-sm&#8221; border_width=&#8221;0&#8243; link=&#8221;url:https%3A%2F%2Fculturamusicaleinbrianza.it%2Fwp-content%2Fuploads%2F2023%2F12%2Ftutti-insieme-R.pdf|target:_blank&#8221; button_color_type=&#8221;uncode-palette&#8221; uncode_shortcode_id=&#8221;153233&#8243;]THE SOUND OF MUSIC[\/vc_button][\/vc_column_inner][\/vc_row_inner][\/vc_column][\/vc_row][vc_row row_height_percent=&#8221;0&#8243; override_padding=&#8221;yes&#8221; h_padding=&#8221;2&#8243; top_padding=&#8221;7&#8243; bottom_padding=&#8221;7&#8243; back_color=&#8221;color-rgdb&#8221; overlay_alpha=&#8221;50&#8243; gutter_size=&#8221;4&#8243; column_width_percent=&#8221;100&#8243; shift_y=&#8221;0&#8243; z_index=&#8221;0&#8243; uncode_shortcode_id=&#8221;171475&#8243; back_color_type=&#8221;uncode-palette&#8221;][vc_column column_width_percent=&#8221;100&#8243; gutter_size=&#8221;3&#8243; style=&#8221;dark&#8221; overlay_alpha=&#8221;50&#8243; shift_x=&#8221;0&#8243; shift_y=&#8221;0&#8243; shift_y_down=&#8221;0&#8243; z_index=&#8221;0&#8243; medium_visibility=&#8221;yes&#8221; medium_width=&#8221;0&#8243; mobile_visibility=&#8221;yes&#8221; mobile_width=&#8221;0&#8243; width=&#8221;2\/4&#8243; uncode_shortcode_id=&#8221;112757&#8243;][vc_custom_heading heading_semantic=&#8221;h3&#8243; text_size=&#8221;h3&#8243; text_weight=&#8221;400&#8243; uncode_shortcode_id=&#8221;106941&#8243;]ASSOCIAZIONE CULTURA MUSICALE IN BRIANZA[\/vc_custom_heading][vc_column_text uncode_shortcode_id=&#8221;176092&#8243;]<a href=\"https:\/\/culturamusicaleinbrianza.it\/?page_id=131435\">Cookie Declaration<\/a>[\/vc_column_text][\/vc_column][vc_column column_width_percent=&#8221;100&#8243; gutter_size=&#8221;3&#8243; style=&#8221;dark&#8221; overlay_alpha=&#8221;50&#8243; shift_x=&#8221;0&#8243; shift_y=&#8221;0&#8243; shift_y_down=&#8221;0&#8243; z_index=&#8221;0&#8243; medium_width=&#8221;4&#8243; mobile_width=&#8221;7&#8243; width=&#8221;1\/4&#8243; uncode_shortcode_id=&#8221;921940&#8243;][vc_custom_heading heading_semantic=&#8221;h5&#8243; text_size=&#8221;h5&#8243; text_weight=&#8221;400&#8243; uncode_shortcode_id=&#8221;175744&#8243;]M\u00b0 Nazzareno Pederzani<\/p>\n<p>Via Deledda, 28 Renate 20838 (MB)[\/vc_custom_heading][\/vc_column][vc_column column_width_percent=&#8221;100&#8243; gutter_size=&#8221;3&#8243; style=&#8221;dark&#8221; overlay_alpha=&#8221;50&#8243; shift_x=&#8221;0&#8243; shift_y=&#8221;0&#8243; shift_y_down=&#8221;0&#8243; z_index=&#8221;0&#8243; medium_width=&#8221;4&#8243; mobile_width=&#8221;7&#8243; width=&#8221;1\/4&#8243; uncode_shortcode_id=&#8221;176121&#8243;][vc_custom_heading heading_semantic=&#8221;h5&#8243; text_size=&#8221;h5&#8243; text_weight=&#8221;400&#8243; uncode_shortcode_id=&#8221;106598&#8243;]tel. 0362 68 75 03 \u2013 342 148 8501<\/p>\n<p>P.IVA e C.F. 03291200966[\/vc_custom_heading][\/vc_column][\/vc_row]<\/p>\n<\/section>","protected":false},"excerpt":{"rendered":"<p>[vc_row row_height_percent=&#8221;40&#8243; override_padding=&#8221;yes&#8221; h_padding=&#8221;2&#8243; top_padding=&#8221;7&#8243; bottom_padding=&#8221;2&#8243; back_color=&#8221;color-prif&#8221; back_image=&#8221;131260&#8243; parallax=&#8221;yes&#8221; overlay_color=&#8221;color-wayh&#8221; overlay_alpha=&#8221;70&#8243; gutter_size=&#8221;3&#8243; column_width_percent=&#8221;100&#8243; shift_y=&#8221;0&#8243; z_index=&#8221;0&#8243; enable_top_divider=&#8221;default&#8221; top_divider=&#8221;gradient&#8221; shape_top_h_use_pixel=&#8221;true&#8221; shape_top_height_percent=&#8221;100&#8243; shape_top_color=&#8221;color-prif&#8221; [&hellip;]<\/p>\n","protected":false},"author":1,"featured_media":0,"parent":0,"menu_order":0,"comment_status":"closed","ping_status":"closed","template":"","meta":{"footnotes":""},"class_list":["post-131253","page","type-page","status-publish","hentry","page_category-classic"],"_links":{"self":[{"href":"https:\/\/culturamusicaleinbrianza.it\/index.php?rest_route=\/wp\/v2\/pages\/131253","targetHints":{"allow":["GET"]}}],"collection":[{"href":"https:\/\/culturamusicaleinbrianza.it\/index.php?rest_route=\/wp\/v2\/pages"}],"about":[{"href":"https:\/\/culturamusicaleinbrianza.it\/index.php?rest_route=\/wp\/v2\/types\/page"}],"author":[{"embeddable":true,"href":"https:\/\/culturamusicaleinbrianza.it\/index.php?rest_route=\/wp\/v2\/users\/1"}],"replies":[{"embeddable":true,"href":"https:\/\/culturamusicaleinbrianza.it\/index.php?rest_route=%2Fwp%2Fv2%2Fcomments&post=131253"}],"version-history":[{"count":31,"href":"https:\/\/culturamusicaleinbrianza.it\/index.php?rest_route=\/wp\/v2\/pages\/131253\/revisions"}],"predecessor-version":[{"id":131439,"href":"https:\/\/culturamusicaleinbrianza.it\/index.php?rest_route=\/wp\/v2\/pages\/131253\/revisions\/131439"}],"wp:attachment":[{"href":"https:\/\/culturamusicaleinbrianza.it\/index.php?rest_route=%2Fwp%2Fv2%2Fmedia&parent=131253"}],"curies":[{"name":"wp","href":"https:\/\/api.w.org\/{rel}","templated":true}]}}